{"id":289,"date":"2014-11-27T07:26:02","date_gmt":"2014-11-27T07:26:02","guid":{"rendered":"http:\/\/localhost\/shinetheme\/Travel\/travel-code\/?page_id=231"},"modified":"2021-07-31T09:54:02","modified_gmt":"2021-07-31T09:54:02","slug":"home-layout-default-traveler","status":"publish","type":"page","link":"https:\/\/tigatours.com\/fr\/","title":{"rendered":"Home Layout Default | Traveler"},"content":{"rendered":"<div class=\"vc_row wpb_row st bg-holder\"><div class='container'><div class='row'>\n\t<div class=\"wpb_column column_container col-md-12 vc_hidden-sm vc_hidden-xs\"><div class=\"vc_column-inner wpb_wrapper\">\n\t\t\t<div class=\"vc_empty_space\"   style=\"height: 64px\"><span class=\"vc_empty_space_inner\"><\/span><\/div>\r\n\t<div class=\"wpb_text_column wpb_content_element\" >\r\n\t\t<div class=\"wpb_wrapper\">\r\n\t\t\t<p><script charset=\"utf-8\" src=\"\/\/www.travelpayouts.com\/widgets\/34f6074cfdb66143dbc88a17cb16e775.js?v=2205\" async><\/script><\/p>\n\r\n\t\t<\/div>\r\n\t<\/div>\r\n<\/div>\n\t<\/div> \n<\/div><!--End .row--><\/div><!--End .container--><\/div><div class=\"vc_row wpb_row st bg-holder\"><div class='container'><div class='row'>\n\t<div class=\"wpb_column column_container col-md-12 vc_hidden-lg vc_hidden-md\"><div class=\"vc_column-inner wpb_wrapper\">\n\t\t\t<div class=\"vc_empty_space\"   style=\"height: 64px\"><span class=\"vc_empty_space_inner\"><\/span><\/div>\r\n\t<div class=\"wpb_text_column wpb_content_element\" >\r\n\t\t<div class=\"wpb_wrapper\">\r\n\t\t\t<p><script charset=\"utf-8\" src=\"\/\/www.travelpayouts.com\/widgets\/34f6074cfdb66143dbc88a17cb16e775.js?v=2205\" async><\/script><\/p>\n\r\n\t\t<\/div>\r\n\t<\/div>\r\n<\/div>\n\t<\/div> \n<\/div><!--End .row--><\/div><!--End .container--><\/div><div class=\"vc_row wpb_row st bg-holder\"><div class='container'><div class='row'>\n\t<div class=\"wpb_column column_container col-md-12\"><div class=\"vc_column-inner wpb_wrapper\">\n\t\t\t\r\n\t<div class=\"wpb_text_column wpb_content_element  vc_custom_1626621218609\" >\r\n\t\t<div class=\"wpb_wrapper\">\r\n\t\t\t<h2 class=\"text-center\" style=\"text-align: center;\">Nos services<\/h2>\n\r\n\t\t<\/div>\r\n\t<\/div>\r\n<div class=\"vc_row wpb_row vc_inner vc_custom_1626462468950\"><div class=\"wpb_column column_container col-md-4\"><div class=\"vc_column-inner\"><div class=\"wpb_wrapper\"><div class=\"cq-imageoverlay\" data-overlaycolor=\"\" data-overlaysize=\"100%\" data-titlesize=\"\" data-contentsize=\"\" data-overlayshape=\"square\" data-overlaymargin=\"\" data-contentcolor=\"\" data-elementmargin=\"\"><div class=\"cq-imageoverlay-overlay cq-square\"><div class=\"cq-imageoverlay-paragraph\"><a href=\"https:\/\/tigatours.com\/fr\/flight-services\/\" title=\"expositions et conf\u00e9rences\" target=\"\" class=\"cq-imageoverlay-link\"><h4 class=\"cq-imageoverlay-title\"><i class=\"cq-imageoverlay-icon fas fa-plane\"><\/i> Services de vol<\/h4><span class=\"cq-imageoverlay-content\">RESERVATION DE VOL, RESERVATION DE GROUPE, EMBARQUEMENT, GESTION DES RESERVATIONS<\/span><\/a><\/div><\/div><img decoding=\"async\" src=\"https:\/\/tigatours.com\/wp-content\/uploads\/2021\/07\/Meaning-of-travelling.jpg\" class=\"cq-imageoverlay-img\" alt=\"\" \/><\/div><\/div><\/div><\/div><div class=\"wpb_column column_container col-md-4\"><div class=\"vc_column-inner\"><div class=\"wpb_wrapper\"><div class=\"cq-imageoverlay\" data-overlaycolor=\"\" data-overlaysize=\"100%\" data-titlesize=\"\" data-contentsize=\"\" data-overlayshape=\"square\" data-overlaymargin=\"\" data-contentcolor=\"\" data-elementmargin=\"\"><div class=\"cq-imageoverlay-overlay cq-square\"><div class=\"cq-imageoverlay-paragraph\"><a href=\"https:\/\/tigatours.com\/fr\/accommodation-services\/\" title=\"Services de location de voitures\" target=\"\" class=\"cq-imageoverlay-link\"><h4 class=\"cq-imageoverlay-title\"><i class=\"cq-imageoverlay-icon fas fa-building\"><\/i> Services d&#039;h\u00e9bergement<\/h4><span class=\"cq-imageoverlay-content\">HTELS, AUBERGES, MAISON D&#039;HTES<\/span><\/a><\/div><\/div><img decoding=\"async\" src=\"https:\/\/tigatours.com\/wp-content\/uploads\/2021\/07\/HOTEL-OCEANIS-PARK-TRPL-GARDEN-OR-POOL-VIEW.jpg\" class=\"cq-imageoverlay-img\" alt=\"\" \/><\/div><\/div><\/div><\/div><div class=\"wpb_column column_container col-md-4\"><div class=\"vc_column-inner\"><div class=\"wpb_wrapper\"><div class=\"cq-imageoverlay\" data-overlaycolor=\"\" data-overlaysize=\"100%\" data-titlesize=\"\" data-contentsize=\"\" data-overlayshape=\"square\" data-overlaymargin=\"\" data-contentcolor=\"\" data-elementmargin=\"\"><div class=\"cq-imageoverlay-overlay cq-square\"><div class=\"cq-imageoverlay-paragraph\"><a href=\"https:\/\/tigatours.com\/fr\/trains-and-buses-services\/\" title=\"Services de location de voitures\" target=\"\" class=\"cq-imageoverlay-link\"><h4 class=\"cq-imageoverlay-title\"><i class=\"cq-imageoverlay-icon fas fa-bus\"><\/i> Services de trains et de bus<\/h4><span class=\"cq-imageoverlay-content\">Royaume-Uni et Europe, Extr\u00eame-Orient et Asie du Sud-Est, \u00c9tats-Unis, Am\u00e9rique latine, Canada et Australie, Russie, Europe de l&#039;Est et Turquie<\/span><\/a><\/div><\/div><img decoding=\"async\" src=\"https:\/\/tigatours.com\/wp-content\/uploads\/2021\/07\/1545243058067.jpg\" class=\"cq-imageoverlay-img\" alt=\"\" \/><\/div><\/div><\/div><\/div><div class=\"wpb_column column_container col-md-12\"><div class=\"vc_column-inner\"><div class=\"wpb_wrapper\"><div class=\"vc_empty_space\"   style=\"height: 16px\"><span class=\"vc_empty_space_inner\"><\/span><\/div><\/div><\/div><\/div><\/div><div class=\"vc_row wpb_row vc_inner vc_custom_1626462468950\"><div class=\"wpb_column column_container col-md-4\"><div class=\"vc_column-inner\"><div class=\"wpb_wrapper\"><div class=\"cq-imageoverlay\" data-overlaycolor=\"\" data-overlaysize=\"100%\" data-titlesize=\"\" data-contentsize=\"\" data-overlayshape=\"square\" data-overlaymargin=\"\" data-contentcolor=\"\" data-elementmargin=\"\"><div class=\"cq-imageoverlay-overlay cq-square\"><div class=\"cq-imageoverlay-paragraph\"><a href=\"https:\/\/tigatours.com\/fr\/activities-adventures\/\" title=\"Services de location de voitures\" target=\"\" class=\"cq-imageoverlay-link\"><h4 class=\"cq-imageoverlay-title\"><i class=\"cq-imageoverlay-icon fas fa-skating\"><\/i> Activit\u00e9s<\/h4><span class=\"cq-imageoverlay-content\">VISITES, BILLETS<\/span><\/a><\/div><\/div><img decoding=\"async\" src=\"https:\/\/tigatours.com\/wp-content\/uploads\/2021\/07\/El-Jem-Tour-Tunisia-Engaging-Cultures-Travel-scaled.jpg\" class=\"cq-imageoverlay-img\" alt=\"\" \/><\/div><\/div><\/div><\/div><div class=\"wpb_column column_container col-md-4\"><div class=\"vc_column-inner\"><div class=\"wpb_wrapper\"><div class=\"cq-imageoverlay\" data-overlaycolor=\"\" data-overlaysize=\"100%\" data-titlesize=\"\" data-contentsize=\"\" data-overlayshape=\"square\" data-overlaymargin=\"\" data-contentcolor=\"\" data-elementmargin=\"\"><div class=\"cq-imageoverlay-overlay cq-square\"><div class=\"cq-imageoverlay-paragraph\"><a href=\"https:\/\/tigatours.com\/fr\/car-rental-services\/\" title=\"Services de location de voitures\" target=\"\" class=\"cq-imageoverlay-link\"><h4 class=\"cq-imageoverlay-title\"><i class=\"cq-imageoverlay-icon fas fa-car-side\"><\/i> Services de location de voitures<\/h4><\/a><\/div><\/div><img decoding=\"async\" src=\"https:\/\/tigatours.com\/wp-content\/uploads\/2021\/07\/car.jpg\" class=\"cq-imageoverlay-img\" alt=\"\" \/><\/div><\/div><\/div><\/div><div class=\"wpb_column column_container col-md-4\"><div class=\"vc_column-inner\"><div class=\"wpb_wrapper\"><div class=\"cq-imageoverlay\" data-overlaycolor=\"\" data-overlaysize=\"100%\" data-titlesize=\"\" data-contentsize=\"\" data-overlayshape=\"square\" data-overlaymargin=\"\" data-contentcolor=\"\" data-elementmargin=\"\"><div class=\"cq-imageoverlay-overlay cq-square\"><div class=\"cq-imageoverlay-paragraph\"><a href=\"https:\/\/tigatours.com\/fr\/transfer-services-all\/\" title=\"Services de transfert\" target=\"\" class=\"cq-imageoverlay-link\"><h4 class=\"cq-imageoverlay-title\"><i class=\"cq-imageoverlay-icon fas fa-taxi\"><\/i> Services de transfert<\/h4><span class=\"cq-imageoverlay-content\">ENTRE VILLES, TAXI CAP, TAXI A\u00c9ROPORT<\/span><\/a><\/div><\/div><img decoding=\"async\" src=\"https:\/\/tigatours.com\/wp-content\/uploads\/2021\/07\/62b55c9044700a49d6e286103f760904.jpg\" class=\"cq-imageoverlay-img\" alt=\"\" \/><\/div><\/div><\/div><\/div><div class=\"wpb_column column_container col-md-12\"><div class=\"vc_column-inner\"><div class=\"wpb_wrapper\"><div class=\"vc_empty_space\"   style=\"height: 16px\"><span class=\"vc_empty_space_inner\"><\/span><\/div><\/div><\/div><\/div><\/div><div class=\"vc_row wpb_row vc_inner vc_custom_1626462468950\"><div class=\"wpb_column column_container col-md-4\"><div class=\"vc_column-inner\"><div class=\"wpb_wrapper\"><div class=\"cq-imageoverlay\" data-overlaycolor=\"\" data-overlaysize=\"100%\" data-titlesize=\"\" data-contentsize=\"\" data-overlayshape=\"square\" data-overlaymargin=\"\" data-contentcolor=\"\" data-elementmargin=\"\"><div class=\"cq-imageoverlay-overlay cq-square\"><div class=\"cq-imageoverlay-paragraph\"><a href=\"https:\/\/tigatours.com\/fr\/traveler-insurance\/\" title=\"Assurance voyageur\" target=\"\" class=\"cq-imageoverlay-link\"><h4 class=\"cq-imageoverlay-title\"><i class=\"cq-imageoverlay-icon fas fa-shield-alt\"><\/i> Assurance voyageur<\/h4><span class=\"cq-imageoverlay-content\">ASSURANCE VISITEURS POUR LES \u00c9TATS-UNIS, ASSURANCE VISA SCHENGEN, ASSURANCE INTERNATIONALE, ASSURANCE \u00c9TUDIANT<\/span><\/a><\/div><\/div><img decoding=\"async\" src=\"https:\/\/tigatours.com\/wp-content\/uploads\/2021\/07\/travel-insurance-700x525-1.jpg\" class=\"cq-imageoverlay-img\" alt=\"\" \/><\/div><\/div><\/div><\/div><div class=\"wpb_column column_container col-md-4\"><div class=\"vc_column-inner\"><div class=\"wpb_wrapper\"><div class=\"cq-imageoverlay\" data-overlaycolor=\"\" data-overlaysize=\"100%\" data-titlesize=\"\" data-contentsize=\"\" data-overlayshape=\"square\" data-overlaymargin=\"\" data-contentcolor=\"\" data-elementmargin=\"\"><div class=\"cq-imageoverlay-overlay cq-square\"><div class=\"cq-imageoverlay-paragraph\"><a href=\"https:\/\/tigatours.com\/fr\/international-sim-card\/\" title=\"Carte SIM internationale\" target=\"\" class=\"cq-imageoverlay-link\"><h4 class=\"cq-imageoverlay-title\"><i class=\"cq-imageoverlay-icon fas fa-sim-card\"><\/i> Carte SIM internationale<\/h4><span class=\"cq-imageoverlay-content\">ACHETER SIM OU ESIM, M\u00c9THODES D&#039;ACTIVATION, TARIF<\/span><\/a><\/div><\/div><img decoding=\"async\" src=\"https:\/\/tigatours.com\/wp-content\/uploads\/2021\/07\/Regular-SIM-cards-vs-IoT-SIM-cards__2_.jpg\" class=\"cq-imageoverlay-img\" alt=\"\" \/><\/div><\/div><\/div><\/div><div class=\"wpb_column column_container col-md-4\"><div class=\"vc_column-inner\"><div class=\"wpb_wrapper\"><div class=\"cq-imageoverlay\" data-overlaycolor=\"\" data-overlaysize=\"100%\" data-titlesize=\"\" data-contentsize=\"\" data-overlayshape=\"square\" data-overlaymargin=\"\" data-contentcolor=\"\" data-elementmargin=\"\"><div class=\"cq-imageoverlay-overlay cq-square\"><div class=\"cq-imageoverlay-paragraph\"><a href=\"https:\/\/tigatours.com\/fr\/visa-issuing\/\" title=\"Services de location de voitures\" target=\"\" class=\"cq-imageoverlay-link\"><h4 class=\"cq-imageoverlay-title\"><i class=\"cq-imageoverlay-icon fab fa-cc-visa\"><\/i> D\u00e9livrance de visas<\/h4><\/a><\/div><\/div><img decoding=\"async\" src=\"https:\/\/tigatours.com\/wp-content\/uploads\/2021\/07\/passport.jpg\" class=\"cq-imageoverlay-img\" alt=\"\" \/><\/div><\/div><\/div><\/div><div class=\"wpb_column column_container col-md-12\"><div class=\"vc_column-inner\"><div class=\"wpb_wrapper\"><div class=\"vc_empty_space\"   style=\"height: 16px\"><span class=\"vc_empty_space_inner\"><\/span><\/div><\/div><\/div><\/div><\/div><div class=\"vc_row wpb_row vc_inner vc_custom_1626462468950\"><div class=\"wpb_column column_container col-md-4\"><div class=\"vc_column-inner\"><div class=\"wpb_wrapper\"><div class=\"cq-imageoverlay\" data-overlaycolor=\"\" data-overlaysize=\"100%\" data-titlesize=\"\" data-contentsize=\"\" data-overlayshape=\"square\" data-overlaymargin=\"\" data-contentcolor=\"\" data-elementmargin=\"\"><div class=\"cq-imageoverlay-overlay cq-square\"><div class=\"cq-imageoverlay-paragraph\"><a href=\"https:\/\/tigatours.com\/fr\/health-insurance\/\" title=\"Assurance sant\u00e9\" target=\"\" class=\"cq-imageoverlay-link\"><h4 class=\"cq-imageoverlay-title\"><i class=\"cq-imageoverlay-icon fas fa-heartbeat\"><\/i> Assurance sant\u00e9<\/h4><span class=\"cq-imageoverlay-content\">Pour NOUS, INTERNATIONAL<\/span><\/a><\/div><\/div><img decoding=\"async\" src=\"https:\/\/tigatours.com\/wp-content\/uploads\/2021\/07\/Dhirendra.jpg\" class=\"cq-imageoverlay-img\" alt=\"\" \/><\/div><\/div><\/div><\/div><div class=\"wpb_column column_container col-md-4\"><div class=\"vc_column-inner\"><div class=\"wpb_wrapper\"><div class=\"cq-imageoverlay\" data-overlaycolor=\"\" data-overlaysize=\"100%\" data-titlesize=\"\" data-contentsize=\"\" data-overlayshape=\"square\" data-overlaymargin=\"\" data-contentcolor=\"\" data-elementmargin=\"\"><div class=\"cq-imageoverlay-overlay cq-square\"><div class=\"cq-imageoverlay-paragraph\"><a href=\"https:\/\/tigatours.com\/fr\/sanitariums\/\" title=\"Sanitariums\" target=\"\" class=\"cq-imageoverlay-link\"><h4 class=\"cq-imageoverlay-title\"><i class=\"cq-imageoverlay-icon fas fa-stethoscope\"><\/i> Sanitariums<\/h4><\/a><\/div><\/div><img decoding=\"async\" src=\"https:\/\/tigatours.com\/wp-content\/uploads\/2021\/07\/colorado-sanitarium-craig-hospital-family-housing-englewood-1400x934-1.jpg\" class=\"cq-imageoverlay-img\" alt=\"\" \/><\/div><\/div><\/div><\/div><div class=\"wpb_column column_container col-md-4\"><div class=\"vc_column-inner\"><div class=\"wpb_wrapper\"><div class=\"cq-imageoverlay\" data-overlaycolor=\"\" data-overlaysize=\"100%\" data-titlesize=\"\" data-contentsize=\"\" data-overlayshape=\"square\" data-overlaymargin=\"\" data-contentcolor=\"\" data-elementmargin=\"\"><div class=\"cq-imageoverlay-overlay cq-square\"><div class=\"cq-imageoverlay-paragraph\"><a href=\"https:\/\/tigatours.com\/fr\/business-men-services\/\" title=\"Services aux hommes d&#039;affaires\" target=\"\" class=\"cq-imageoverlay-link\"><h4 class=\"cq-imageoverlay-title\"><i class=\"cq-imageoverlay-icon fas fa-briefcase\"><\/i> Services aux hommes d&#039;affaires<\/h4><span class=\"cq-imageoverlay-content\">OFF SURE COMPTE BANCAIRE, OFF SURE COMPANY<\/span><\/a><\/div><\/div><img decoding=\"async\" src=\"https:\/\/tigatours.com\/wp-content\/uploads\/2021\/07\/business-men-2-scaled.jpg\" class=\"cq-imageoverlay-img\" alt=\"\" \/><\/div><\/div><\/div><\/div><div class=\"wpb_column column_container col-md-12\"><div class=\"vc_column-inner\"><div class=\"wpb_wrapper\"><div class=\"vc_empty_space\"   style=\"height: 16px\"><span class=\"vc_empty_space_inner\"><\/span><\/div><\/div><\/div><\/div><\/div><div class=\"vc_row wpb_row vc_inner vc_custom_1626462468950\"><div class=\"wpb_column column_container col-md-4\"><div class=\"vc_column-inner\"><div class=\"wpb_wrapper\"><div class=\"cq-imageoverlay\" data-overlaycolor=\"\" data-overlaysize=\"100%\" data-titlesize=\"\" data-contentsize=\"\" data-overlayshape=\"square\" data-overlaymargin=\"\" data-contentcolor=\"\" data-elementmargin=\"\"><div class=\"cq-imageoverlay-overlay cq-square\"><div class=\"cq-imageoverlay-paragraph\"><a href=\"https:\/\/tigatours.com\/fr\/umrah-hajj-services\/\" title=\"Services de la Omra et du hajj\" target=\"\" class=\"cq-imageoverlay-link\"><h4 class=\"cq-imageoverlay-title\"><i class=\"cq-imageoverlay-icon fas fa-kaaba\"><\/i> Services de la Omra et du Hajj<\/h4><\/a><\/div><\/div><img decoding=\"async\" src=\"https:\/\/tigatours.com\/wp-content\/uploads\/2021\/07\/67828_660.jpg\" class=\"cq-imageoverlay-img\" alt=\"\" \/><\/div><\/div><\/div><\/div><div class=\"wpb_column column_container col-md-4\"><div class=\"vc_column-inner\"><div class=\"wpb_wrapper\"><div class=\"cq-imageoverlay\" data-overlaycolor=\"\" data-overlaysize=\"100%\" data-titlesize=\"\" data-contentsize=\"\" data-overlayshape=\"square\" data-overlaymargin=\"\" data-contentcolor=\"\" data-elementmargin=\"\"><div class=\"cq-imageoverlay-overlay cq-square\"><div class=\"cq-imageoverlay-paragraph\"><a href=\"https:\/\/tigatours.com\/fr\/exhibitions-and-conferences\/\" title=\"expositions et conf\u00e9rences\" target=\"\" class=\"cq-imageoverlay-link\"><h4 class=\"cq-imageoverlay-title\"><i class=\"cq-imageoverlay-icon fas fa-users\"><\/i> Expositions et conf\u00e9rences<\/h4><\/a><\/div><\/div><img decoding=\"async\" src=\"https:\/\/tigatours.com\/wp-content\/uploads\/2021\/07\/group_travel_app.png\" class=\"cq-imageoverlay-img\" alt=\"\" \/><\/div><\/div><\/div><\/div><div class=\"wpb_column column_container col-md-4\"><div class=\"vc_column-inner\"><div class=\"wpb_wrapper\"><div class=\"cq-imageoverlay\" data-overlaycolor=\"\" data-overlaysize=\"100%\" data-titlesize=\"\" data-contentsize=\"\" data-overlayshape=\"square\" data-overlaymargin=\"\" data-contentcolor=\"\" data-elementmargin=\"\"><div class=\"cq-imageoverlay-overlay cq-square\"><div class=\"cq-imageoverlay-paragraph\"><a href=\"https:\/\/tigatours.com\/fr\/bikes-booking-services\/\" title=\"Services de r\u00e9servation de v\u00e9los\" target=\"\" class=\"cq-imageoverlay-link\"><h4 class=\"cq-imageoverlay-title\"><i class=\"cq-imageoverlay-icon fas fa-biking\"><\/i> Services de r\u00e9servation de v\u00e9los<\/h4><\/a><\/div><\/div><img decoding=\"async\" src=\"https:\/\/tigatours.com\/wp-content\/uploads\/2021\/07\/Cover25.jpg\" class=\"cq-imageoverlay-img\" alt=\"\" \/><\/div><\/div><\/div><\/div><div class=\"wpb_column column_container col-md-12\"><div class=\"vc_column-inner\"><div class=\"wpb_wrapper\"><div class=\"vc_empty_space\"   style=\"height: 16px\"><span class=\"vc_empty_space_inner\"><\/span><\/div><\/div><\/div><\/div><\/div><div class=\"vc_row wpb_row vc_inner vc_custom_1626462468950\"><div class=\"wpb_column column_container col-md-4\"><div class=\"vc_column-inner\"><div class=\"wpb_wrapper\"><div class=\"cq-imageoverlay\" data-overlaycolor=\"\" data-overlaysize=\"100%\" data-titlesize=\"\" data-contentsize=\"\" data-overlayshape=\"square\" data-overlaymargin=\"\" data-contentcolor=\"\" data-elementmargin=\"\"><div class=\"cq-imageoverlay-overlay cq-square\"><div class=\"cq-imageoverlay-paragraph\"><a href=\"https:\/\/tigatours.com\/fr\/travel-compensation-services-2\/\" title=\"Services de la Omra et du hajj\" target=\"\" class=\"cq-imageoverlay-link\"><h4 class=\"cq-imageoverlay-title\"><i class=\"cq-imageoverlay-icon fas fa-luggage-cart\"><\/i> SERVICES D&#039;INDEMNISATION DE VOYAGE<\/h4><\/a><\/div><\/div><img decoding=\"async\" src=\"https:\/\/tigatours.com\/wp-content\/uploads\/2021\/07\/spanish-travel-compensation-firm-reaches-deal-with-domestic-exchange-to-reimburse-travelers-with-cryptos-768x432-1.jpeg\" class=\"cq-imageoverlay-img\" alt=\"\" \/><\/div><\/div><\/div><\/div><div class=\"wpb_column column_container col-md-4 vc_hidden-lg vc_hidden-md\"><div class=\"vc_column-inner\"><div class=\"wpb_wrapper\"><\/div><\/div><\/div><div class=\"wpb_column column_container col-md-4\"><div class=\"vc_column-inner\"><div class=\"wpb_wrapper\"><\/div><\/div><\/div><div class=\"wpb_column column_container col-md-12\"><div class=\"vc_column-inner\"><div class=\"wpb_wrapper\"><div class=\"vc_empty_space\"   style=\"height: 16px\"><span class=\"vc_empty_space_inner\"><\/span><\/div><\/div><\/div><\/div><\/div><\/div>\n\t<\/div> \n<\/div><!--End .row--><\/div><!--End .container--><\/div><div class=\"vc_row wpb_row st bg-holder vc_custom_1422952293353\"><div class='container'><div class='row'>\n\t<div class=\"wpb_column column_container col-md-4 vc_hidden-sm vc_hidden-xs vc_custom_1627379121039\"><div class=\"vc_column-inner wpb_wrapper\">\n\t\t\t\r\n                    <div class=\"st-about-info thumb text-left\">\r\n                            <header class=\"thumb-header pull-top st-thumb-header\">\r\n                               <i class=\"fa fa-dollar box-icon-md box-icon-top  round st_1775321548 animate-icon-top-to-bottom   box-icon-to-black\"><\/i>\r\n                            <\/header>\r\n                            <div class=\"thumb-caption pull-top st-thumb-caption\">\r\n                                  <h5 class=\"thumb-title\">\r\n                        <a href=\"#\" class=\"text-darken\">Meilleur prix garanti<\/a>\r\n                       <\/h5>\r\n                                <p class=\"thumb-desc\">.<\/p>\r\n                            <\/div>\r\n                    <\/div>\r\n                    <\/div>\n\t<\/div> \n\n\t<div class=\"wpb_column column_container col-md-4 vc_hidden-sm vc_hidden-xs vc_custom_1627379108095\"><div class=\"vc_column-inner wpb_wrapper\">\n\t\t\t\r\n                    <div class=\"st-about-info thumb text-left\">\r\n                            <header class=\"thumb-header pull-top st-thumb-header\">\r\n                               <i class=\"fa fa-lock box-icon-md box-icon-top  round st_1775321549 animate-icon-top-to-bottom   box-icon-to-black\"><\/i>\r\n                            <\/header>\r\n                            <div class=\"thumb-caption pull-top st-thumb-caption\">\r\n                                  <h5 class=\"thumb-title\">\r\n                        <a href=\"#\" class=\"text-darken\">Confiance et s\u00e9curit\u00e9<\/a>\r\n                       <\/h5>\r\n                                <p class=\"thumb-desc\">.<\/p>\r\n                            <\/div>\r\n                    <\/div>\r\n                    <\/div>\n\t<\/div> \n\n\t<div class=\"wpb_column column_container col-md-4 vc_hidden-sm vc_hidden-xs vc_custom_1627379131548\"><div class=\"vc_column-inner wpb_wrapper\">\n\t\t\t\r\n                    <div class=\"st-about-info thumb text-left\">\r\n                            <header class=\"thumb-header pull-top st-thumb-header\">\r\n                               <i class=\"fa fa-thumbs-o-up box-icon-md box-icon-top  round st_1775321550 animate-icon-top-to-bottom   box-icon-to-black\"><\/i>\r\n                            <\/header>\r\n                            <div class=\"thumb-caption pull-top st-thumb-caption\">\r\n                                  <h5 class=\"thumb-title\">\r\n                        <a href=\"#\" class=\"text-darken\">Meilleur agent de voyages<\/a>\r\n                       <\/h5>\r\n                                <p class=\"thumb-desc\">.<\/p>\r\n                            <\/div>\r\n                    <\/div>\r\n                    <\/div>\n\t<\/div> \n<\/div><!--End .row--><\/div><!--End .container--><\/div><div class=\"vc_row wpb_row st bg-holder\"><div class='container'><div class='row'>\n\t<div class=\"wpb_column column_container col-md-12\"><div class=\"vc_column-inner wpb_wrapper\">\n\t\t\t<div class=\"vc_empty_space\"   style=\"height: 48px\"><span class=\"vc_empty_space_inner\"><\/span><\/div><\/div>\n\t<\/div> \n<\/div><!--End .row--><\/div><!--End .container--><\/div>","protected":false},"excerpt":{"rendered":"{{CODEwidesearch}} {{CODEwidesearch}} Our Services Flight ServicesFLIGHT BOOKING, GROUP BOOKING, BOARDING, BOOKING MANAGEMENT Accommodation ServicesHOTELS, HOSTELS, GUEST HOUSE Trains and Buses ServicesUK &amp; Europe, Far east &amp;south eastern Asia, US, Latin America, Canada &amp; Australia, Russia, East Europe &amp; Turkey ActivitiesTOURS, TICKETS Car Rental Services Transfer ServicesBETWEEN CITIES, TAXI CAP, AIRPORT TAXI Traveler InsuranceVISITORS INSURANCE FOR [...]","protected":false},"author":3,"featured_media":0,"parent":0,"menu_order":0,"comment_status":"open","ping_status":"closed","template":"template-home.php","meta":{"footnotes":""},"class_list":["post-289","page","type-page","status-publish","has-post-thumbnail","hentry"],"_links":{"self":[{"href":"https:\/\/tigatours.com\/fr\/wp-json\/wp\/v2\/pages\/289","targetHints":{"allow":["GET"]}}],"collection":[{"href":"https:\/\/tigatours.com\/fr\/wp-json\/wp\/v2\/pages"}],"about":[{"href":"https:\/\/tigatours.com\/fr\/wp-json\/wp\/v2\/types\/page"}],"author":[{"embeddable":true,"href":"https:\/\/tigatours.com\/fr\/wp-json\/wp\/v2\/users\/3"}],"replies":[{"embeddable":true,"href":"https:\/\/tigatours.com\/fr\/wp-json\/wp\/v2\/comments?post=289"}],"version-history":[{"count":0,"href":"https:\/\/tigatours.com\/fr\/wp-json\/wp\/v2\/pages\/289\/revisions"}],"wp:attachment":[{"href":"https:\/\/tigatours.com\/fr\/wp-json\/wp\/v2\/media?parent=289"}],"curies":[{"name":"wp","href":"https:\/\/api.w.org\/{rel}","templated":true}]}}